{"id":1519,"date":"2024-02-27T17:06:40","date_gmt":"2024-02-27T17:06:40","guid":{"rendered":"https:\/\/castagnoliviterie.it\/?page_id=1519"},"modified":"2024-09-12T15:19:13","modified_gmt":"2024-09-12T15:19:13","slug":"kanban","status":"publish","type":"page","link":"https:\/\/castagnoliviterie.it\/it\/kanban\/","title":{"rendered":"Kanban"},"content":{"rendered":"\n<div id=\"wp-block-themeisle-blocks-advanced-columns-268456cc\" class=\"wp-block-themeisle-blocks-advanced-columns alignfull has-1-columns has-desktop-equal-layout has-tablet-equal-layout hide-in-mobile has-vertical-unset\"><div class=\"wp-block-themeisle-blocks-advanced-columns-overlay\"><\/div><div class=\"innerblocks-wrap\">\n<div id=\"wp-block-themeisle-blocks-advanced-column-2cd36843\" class=\"wp-block-themeisle-blocks-advanced-column has-dark-bg\">\n<div class=\"wp-block-columns are-vertically-aligned-center is-layout-flex wp-container-core-columns-is-layout-b815d019 wp-block-columns-is-layout-flex\" style=\"padding-right:var(--wp--preset--spacing--80);padding-left:var(--wp--preset--spacing--80)\">\n<div class=\"wp-block-column is-layout-flow wp-block-column-is-layout-flow\" style=\"flex-basis:100%\">\n<div class=\"wp-block-group\" style=\"padding-top:0em;padding-right:2em;padding-bottom:0em;padding-left:2em\"><div class=\"wp-block-group__inner-container is-layout-flow wp-block-group-is-layout-flow\">\n<h1 id=\"wp-block-themeisle-blocks-advanced-heading-6700a8c6\" class=\"wp-block-themeisle-blocks-advanced-heading wp-block-themeisle-blocks-advanced-heading-6700a8c6\"><strong>Kanban<\/strong><\/h1>\n\n\n\n<p class=\"has-text-align-center has-nv-light-bg-color has-text-color has-link-color wp-elements-264586c4c0b683b5a616280ed44f7b28\">Ottimizzazione ed efficienza nel riassortimento.<\/p>\n<\/div><\/div>\n<\/div>\n<\/div>\n<\/div>\n<\/div><\/div>\n\n\n\n<div id=\"wp-block-themeisle-blocks-advanced-columns-62235d52\" class=\"wp-block-themeisle-blocks-advanced-columns alignfull has-1-columns has-mobile-equal-layout hide-in-desktop hide-in-tablet has-vertical-unset has-dark-bg\"><div class=\"wp-block-themeisle-blocks-advanced-columns-overlay\"><\/div><div class=\"innerblocks-wrap\">\n<div id=\"wp-block-themeisle-blocks-advanced-column-3c1e6f24\" class=\"wp-block-themeisle-blocks-advanced-column\">\n<div style=\"height:40px\" aria-hidden=\"true\" class=\"wp-block-spacer\"><\/div>\n\n\n\n<h1 class=\"wp-block-heading has-nv-light-bg-color has-text-color has-link-color wp-elements-3bf730bd2f7c6c141d159bd6180ebc3e\" id=\"kanban\">Kanban<\/h1>\n\n\n\n<p class=\"has-nv-light-bg-color has-text-color has-link-color wp-elements-f879b0a65c63893c2a9d1826b0704797\">Ottimizzazione ed efficienza nel riassortimento.<\/p>\n\n\n\n<div style=\"height:90px\" aria-hidden=\"true\" class=\"wp-block-spacer\"><\/div>\n<\/div>\n<\/div><\/div>\n\n\n\n<div id=\"wp-block-themeisle-blocks-advanced-columns-cadbb970\" class=\"wp-block-themeisle-blocks-advanced-columns has-1-columns has-desktop-twoOne-layout has-tablet-equal-layout hide-in-mobile has-vertical-unset has-light-bg\"><div class=\"wp-block-themeisle-blocks-advanced-columns-overlay\"><\/div><div class=\"innerblocks-wrap\">\n<div id=\"wp-block-themeisle-blocks-advanced-column-6e60d735\" class=\"wp-block-themeisle-blocks-advanced-column\">\n<h2 id=\"wp-block-themeisle-blocks-advanced-heading-2daf3b24\" class=\"wp-block-themeisle-blocks-advanced-heading wp-block-themeisle-blocks-advanced-heading-2daf3b24\">Il sistema Kanban<\/h2>\n\n\n\n<p>Il sistema Kanban, una componente essenziale del sistema Just In Time (JIT), \u00e8 impiegato con l&#8217;obiettivo di ottimizzare le fasi di approvvigionamento e reintegrazione delle scorte. Questa metodologia mira a migliorare l&#8217;efficienza dei processi di produzione assicurando la disponibilit\u00e0 delle materie prime al momento opportuno. Il suo obiettivo primario \u00e8 allineare la capacit\u00e0 produttiva con la domanda effettiva, riducendo sia la sovrapproduzione che i tempi morti tra le fasi di lavorazione.<\/p>\n\n\n\n<p>Si applica principalmente in contesti caratterizzati dalla logica del Pull, in cui la produzione inizia solo in seguito al ricevimento dell&#8217;ordine definitivo dal cliente.<\/p>\n\n\n\n<figure class=\"wp-block-gallery has-nested-images columns-3 is-cropped wp-block-gallery-1 is-layout-flex wp-block-gallery-is-layout-flex\">\n<figure class=\"wp-block-image size-large\"><img loading=\"lazy\" decoding=\"async\" width=\"1024\" height=\"1024\" data-id=\"1975\" src=\"https:\/\/castagnoliviterie.it\/wp-content\/uploads\/2024\/09\/15-1024x1024.png\" alt=\"\" class=\"wp-image-1975\" srcset=\"https:\/\/castagnoliviterie.it\/wp-content\/uploads\/2024\/09\/15-1024x1024.png 1024w, https:\/\/castagnoliviterie.it\/wp-content\/uploads\/2024\/09\/15-300x300.png 300w, https:\/\/castagnoliviterie.it\/wp-content\/uploads\/2024\/09\/15-150x150.png 150w, https:\/\/castagnoliviterie.it\/wp-content\/uploads\/2024\/09\/15-768x768.png 768w, https:\/\/castagnoliviterie.it\/wp-content\/uploads\/2024\/09\/15-12x12.png 12w, https:\/\/castagnoliviterie.it\/wp-content\/uploads\/2024\/09\/15-650x650.png 650w, https:\/\/castagnoliviterie.it\/wp-content\/uploads\/2024\/09\/15-1300x1300.png 1300w, https:\/\/castagnoliviterie.it\/wp-content\/uploads\/2024\/09\/15.png 1350w\" sizes=\"auto, (max-width: 1024px) 100vw, 1024px\" \/><\/figure>\n\n\n\n<figure class=\"wp-block-image size-large\"><img loading=\"lazy\" decoding=\"async\" width=\"1024\" height=\"1024\" data-id=\"1964\" src=\"https:\/\/castagnoliviterie.it\/wp-content\/uploads\/2024\/09\/8-1024x1024.png\" alt=\"\" class=\"wp-image-1964\" srcset=\"https:\/\/castagnoliviterie.it\/wp-content\/uploads\/2024\/09\/8-1024x1024.png 1024w, https:\/\/castagnoliviterie.it\/wp-content\/uploads\/2024\/09\/8-300x300.png 300w, https:\/\/castagnoliviterie.it\/wp-content\/uploads\/2024\/09\/8-150x150.png 150w, https:\/\/castagnoliviterie.it\/wp-content\/uploads\/2024\/09\/8-768x768.png 768w, https:\/\/castagnoliviterie.it\/wp-content\/uploads\/2024\/09\/8-12x12.png 12w, https:\/\/castagnoliviterie.it\/wp-content\/uploads\/2024\/09\/8-650x650.png 650w, https:\/\/castagnoliviterie.it\/wp-content\/uploads\/2024\/09\/8-1300x1300.png 1300w, https:\/\/castagnoliviterie.it\/wp-content\/uploads\/2024\/09\/8.png 1350w\" sizes=\"auto, (max-width: 1024px) 100vw, 1024px\" \/><\/figure>\n<\/figure>\n\n\n\n<div style=\"height:50px\" aria-hidden=\"true\" class=\"wp-block-spacer\"><\/div>\n\n\n\n<h2 id=\"wp-block-themeisle-blocks-advanced-heading-c3ed7a6e\" class=\"wp-block-themeisle-blocks-advanced-heading wp-block-themeisle-blocks-advanced-heading-c3ed7a6e\">Definizione e origine del sistema Kanban<\/h2>\n\n\n\n<p>L&#8217;ingegnere giapponese Taiichi Ohno svilupp\u00f2 il sistema Kanban prendendo spunto dalle pratiche di approvvigionamento adottate nei supermercati americani. In tali contesti, i clienti selezionano i prodotti dai ripiani etichettati, e una volta passati alla cassa, vengono registrate le informazioni sullo stato delle scorte del punto vendita, consentendo cos\u00ec di generare ordini per il magazzino. Questo \u00e8 possibile grazie alla condivisione di un sistema di etichettatura tra magazzino e punto vendita.<\/p>\n\n\n\n<p>Successivamente, il magazzino invia ordini di rifornimento ai fornitori o produttori, in un ciclo che coinvolge l&#8217;intera catena di approvvigionamento, con l&#8217;obiettivo finale di garantire la disponibilit\u00e0 dei prodotti nei punti vendita. Per mantenere il controllo sulle scorte e evitare situazioni di &#8220;scaffale vuoto&#8221;, \u00e8 fondamentale stabilire dei punti di riordino ben definiti.<\/p>\n\n\n\n<h2 id=\"wp-block-themeisle-blocks-advanced-heading-d0fcb9b5\" class=\"wp-block-themeisle-blocks-advanced-heading wp-block-themeisle-blocks-advanced-heading-d0fcb9b5\">Il sistema Kanban per la viteria<\/h2>\n\n\n\n<p>Il principio fondamentale di questo sistema di rifornimento delle linee di produzione \u00e8 conciso ma altamente efficiente: utilizzando un sistema a rotazione con due contenitori, la viteria \u00e8 resa disponibile just in time direttamente presso la postazione di stoccaggio. Una volta esaurito il materiale contenuto nel primo contenitore, il secondo \u00e8 gi\u00e0 pronto e disponibile sullo scaffale, poich\u00e9 Castagnoli, prima che il primo contenitore si esaurisca, si \u00e8 gi\u00e0 provveduto a ricaricare lo scaffale. Questo approccio consente di:<\/p>\n\n\n\n<ul class=\"wp-block-list\">\n<li>Rispondere prontamente alle variazioni della domanda<\/li>\n\n\n\n<li>Garantire un approvvigionamento sicuro<\/li>\n\n\n\n<li>Ridurre le scorte di magazzino<\/li>\n\n\n\n<li>Ottimizzare l&#8217;impiego di capitale.<\/li>\n<\/ul>\n\n\n\n<p>Il flusso dei materiali \u00e8 gestito con estrema semplicit\u00e0 attraverso due contenitori dotati di etichetta Kanban, supportata da codici a barre. Tutti i dati pertinenti, tra cui cliente, postazione di stoccaggio, articolo, denominazione, tipo di contenitore, lotto e quantit\u00e0 di riempimento, vengono specificati con la massima precisione.<\/p>\n<\/div>\n<\/div><\/div>\n\n\n\n<div id=\"wp-block-themeisle-blocks-advanced-columns-09b68a30\" class=\"wp-block-themeisle-blocks-advanced-columns has-1-columns has-mobile-collapsedRows-layout hide-in-desktop hide-in-tablet has-vertical-unset has-light-bg\"><div class=\"wp-block-themeisle-blocks-advanced-columns-overlay\"><\/div><div class=\"innerblocks-wrap\">\n<div id=\"wp-block-themeisle-blocks-advanced-column-8312770f\" class=\"wp-block-themeisle-blocks-advanced-column\">\n<h2 id=\"wp-block-themeisle-blocks-advanced-heading-2a0010a8\" class=\"wp-block-themeisle-blocks-advanced-heading wp-block-themeisle-blocks-advanced-heading-2a0010a8\">Il sistema Kanban<\/h2>\n\n\n\n<p>Il sistema Kanban, una componente essenziale del sistema Just In Time (JIT), \u00e8 impiegato con l&#8217;obiettivo di ottimizzare le fasi di approvvigionamento e reintegrazione delle scorte. Questa metodologia mira a migliorare l&#8217;efficienza dei processi di produzione assicurando la disponibilit\u00e0 delle materie prime al momento opportuno. Il suo obiettivo primario \u00e8 allineare la capacit\u00e0 produttiva con la domanda effettiva, riducendo sia la sovrapproduzione che i tempi morti tra le fasi di lavorazione.<\/p>\n\n\n\n<p>Si applica principalmente in contesti caratterizzati dalla logica del Pull, in cui la produzione inizia solo in seguito al ricevimento dell&#8217;ordine definitivo dal cliente.<\/p>\n\n\n\n<figure class=\"wp-block-gallery has-nested-images columns-1 is-cropped wp-block-gallery-2 is-layout-flex wp-block-gallery-is-layout-flex\">\n<figure class=\"wp-block-image size-large\"><img loading=\"lazy\" decoding=\"async\" width=\"1024\" height=\"1024\" data-id=\"1975\" src=\"https:\/\/castagnoliviterie.it\/wp-content\/uploads\/2024\/09\/15-1024x1024.png\" alt=\"\" class=\"wp-image-1975\" srcset=\"https:\/\/castagnoliviterie.it\/wp-content\/uploads\/2024\/09\/15-1024x1024.png 1024w, https:\/\/castagnoliviterie.it\/wp-content\/uploads\/2024\/09\/15-300x300.png 300w, https:\/\/castagnoliviterie.it\/wp-content\/uploads\/2024\/09\/15-150x150.png 150w, https:\/\/castagnoliviterie.it\/wp-content\/uploads\/2024\/09\/15-768x768.png 768w, https:\/\/castagnoliviterie.it\/wp-content\/uploads\/2024\/09\/15-12x12.png 12w, https:\/\/castagnoliviterie.it\/wp-content\/uploads\/2024\/09\/15-650x650.png 650w, https:\/\/castagnoliviterie.it\/wp-content\/uploads\/2024\/09\/15-1300x1300.png 1300w, https:\/\/castagnoliviterie.it\/wp-content\/uploads\/2024\/09\/15.png 1350w\" sizes=\"auto, (max-width: 1024px) 100vw, 1024px\" \/><\/figure>\n\n\n\n<figure class=\"wp-block-image size-large\"><img loading=\"lazy\" decoding=\"async\" width=\"1024\" height=\"1024\" data-id=\"1964\" src=\"https:\/\/castagnoliviterie.it\/wp-content\/uploads\/2024\/09\/8-1024x1024.png\" alt=\"\" class=\"wp-image-1964\" srcset=\"https:\/\/castagnoliviterie.it\/wp-content\/uploads\/2024\/09\/8-1024x1024.png 1024w, https:\/\/castagnoliviterie.it\/wp-content\/uploads\/2024\/09\/8-300x300.png 300w, https:\/\/castagnoliviterie.it\/wp-content\/uploads\/2024\/09\/8-150x150.png 150w, https:\/\/castagnoliviterie.it\/wp-content\/uploads\/2024\/09\/8-768x768.png 768w, https:\/\/castagnoliviterie.it\/wp-content\/uploads\/2024\/09\/8-12x12.png 12w, https:\/\/castagnoliviterie.it\/wp-content\/uploads\/2024\/09\/8-650x650.png 650w, https:\/\/castagnoliviterie.it\/wp-content\/uploads\/2024\/09\/8-1300x1300.png 1300w, https:\/\/castagnoliviterie.it\/wp-content\/uploads\/2024\/09\/8.png 1350w\" sizes=\"auto, (max-width: 1024px) 100vw, 1024px\" \/><\/figure>\n<\/figure>\n\n\n\n<div style=\"height:32px\" aria-hidden=\"true\" class=\"wp-block-spacer\"><\/div>\n\n\n\n<h2 id=\"wp-block-themeisle-blocks-advanced-heading-1f1c9ce3\" class=\"wp-block-themeisle-blocks-advanced-heading wp-block-themeisle-blocks-advanced-heading-1f1c9ce3\">Definizione e origine del sistema Kanban<\/h2>\n\n\n\n<p>L&#8217;ingegnere giapponese Taiichi Ohno svilupp\u00f2 il sistema Kanban prendendo spunto dalle pratiche di approvvigionamento adottate nei supermercati americani. In tali contesti, i clienti selezionano i prodotti dai ripiani etichettati, e una volta passati alla cassa, vengono registrate le informazioni sullo stato delle scorte del punto vendita, consentendo cos\u00ec di generare ordini per il magazzino. Questo \u00e8 possibile grazie alla condivisione di un sistema di etichettatura tra magazzino e punto vendita.<\/p>\n\n\n\n<p>Successivamente, il magazzino invia ordini di rifornimento ai fornitori o produttori, in un ciclo che coinvolge l&#8217;intera catena di approvvigionamento, con l&#8217;obiettivo finale di garantire la disponibilit\u00e0 dei prodotti nei punti vendita. Per mantenere il controllo sulle scorte e evitare situazioni di &#8220;scaffale vuoto&#8221;, \u00e8 fondamentale stabilire dei punti di riordino ben definiti.<\/p>\n\n\n\n<h2 id=\"wp-block-themeisle-blocks-advanced-heading-e140ba31\" class=\"wp-block-themeisle-blocks-advanced-heading wp-block-themeisle-blocks-advanced-heading-e140ba31\">Il sistema Kanban per la viteria<\/h2>\n\n\n\n<p>Il principio fondamentale di questo sistema di rifornimento delle linee di produzione \u00e8 conciso ma altamente efficiente: utilizzando un sistema a rotazione con due contenitori, la viteria \u00e8 resa disponibile just in time direttamente presso la postazione di stoccaggio. Una volta esaurito il materiale contenuto nel primo contenitore, il secondo \u00e8 gi\u00e0 pronto e disponibile sullo scaffale, poich\u00e9 Castagnoli, prima che il primo contenitore si esaurisca, si \u00e8 gi\u00e0 provveduto a ricaricare lo scaffale. Questo approccio consente di:<\/p>\n\n\n\n<ul class=\"wp-block-list\">\n<li>Rispondere prontamente alle variazioni della domanda<\/li>\n\n\n\n<li>Garantire un approvvigionamento sicuro<\/li>\n\n\n\n<li>Ridurre le scorte di magazzino<\/li>\n\n\n\n<li>Ottimizzare l&#8217;impiego di capitale.<\/li>\n<\/ul>\n\n\n\n<p>Il flusso dei materiali \u00e8 gestito con estrema semplicit\u00e0 attraverso due contenitori dotati di etichetta Kanban, supportata da codici a barre. Tutti i dati pertinenti, tra cui cliente, postazione di stoccaggio, articolo, denominazione, tipo di contenitore, lotto e quantit\u00e0 di riempimento, vengono specificati con la massima precisione.<\/p>\n<\/div>\n<\/div><\/div>\n\n\n\n<div class=\"wp-block-media-text has-media-on-the-right is-stacked-on-mobile is-vertically-aligned-center has-neve-link-color-background-color has-background\"><div class=\"wp-block-media-text__content\">\n<div class=\"wp-block-group\" style=\"padding-top:2em;padding-right:2em;padding-bottom:2em;padding-left:2em\"><div class=\"wp-block-group__inner-container is-layout-flow wp-block-group-is-layout-flow\">\n<h1 id=\"wp-block-themeisle-blocks-advanced-heading-28bde0a8\" class=\"wp-block-themeisle-blocks-advanced-heading wp-block-themeisle-blocks-advanced-heading-28bde0a8\"><strong>Catalogo<\/strong><\/h1>\n\n\n\n<p class=\"has-nv-light-bg-color has-text-color has-link-color wp-elements-76cee48999fdd44bad02c70002000883\">Sfoglia l\u2019intero catalogo prodotti Castagnoli.<br><br><\/p>\n\n\n\n<div id=\"wp-block-themeisle-blocks-button-group-9e4c63d6\" class=\"wp-block-themeisle-blocks-button-group wp-block-buttons\">\n<div id=\"wp-block-themeisle-blocks-button-cd7a2a8a\" class=\"wp-block-themeisle-blocks-button wp-block-button is-style-outline\"><a href=\"https:\/\/castagnoliviterie.it\/it\/prodotti\/\" target=\"_self\" rel=\"noopener noreferrer\" class=\"wp-block-button__link\"><span>VAI AL CATALOGO PRODOTTI<\/span><\/a><\/div>\n<\/div>\n<\/div><\/div>\n<\/div><figure class=\"wp-block-media-text__media\"><img loading=\"lazy\" decoding=\"async\" width=\"1080\" height=\"1080\" src=\"https:\/\/castagnoliviterie.it\/wp-content\/uploads\/2024\/02\/3.svg\" alt=\"\" class=\"wp-image-1335 size-full\"\/><\/figure><\/div>\n\n\n\n<div class=\"wp-block-media-text is-stacked-on-mobile is-vertically-aligned-center has-nv-light-bg-background-color has-background\"><figure class=\"wp-block-media-text__media\"><img loading=\"lazy\" decoding=\"async\" width=\"1024\" height=\"1024\" src=\"https:\/\/castagnoliviterie.it\/wp-content\/uploads\/2024\/01\/Catalogo-Prodotti-2024-10-1024x1024.png\" alt=\"\" class=\"wp-image-688 size-full\" srcset=\"https:\/\/castagnoliviterie.it\/wp-content\/uploads\/2024\/01\/Catalogo-Prodotti-2024-10-1024x1024.png 1024w, https:\/\/castagnoliviterie.it\/wp-content\/uploads\/2024\/01\/Catalogo-Prodotti-2024-10-300x300.png 300w, https:\/\/castagnoliviterie.it\/wp-content\/uploads\/2024\/01\/Catalogo-Prodotti-2024-10-150x150.png 150w, https:\/\/castagnoliviterie.it\/wp-content\/uploads\/2024\/01\/Catalogo-Prodotti-2024-10-768x768.png 768w, https:\/\/castagnoliviterie.it\/wp-content\/uploads\/2024\/01\/Catalogo-Prodotti-2024-10.png 1080w\" sizes=\"auto, (max-width: 1024px) 100vw, 1024px\" \/><\/figure><div class=\"wp-block-media-text__content\">\n<div class=\"wp-block-group\" style=\"padding-top:2em;padding-right:2em;padding-bottom:2em;padding-left:2em\"><div class=\"wp-block-group__inner-container is-layout-flow wp-block-group-is-layout-flow\">\n<p style=\"font-size:36px;line-height:1.2\"><strong>eCommerce B2B<\/strong><\/p>\n\n\n\n<p class=\"has-nv-dark-bg-color has-text-color has-link-color wp-elements-297cde24295001d592c7912046c65b11\">Accedi all\u2019ecommerce B2B.<br><br><\/p>\n\n\n\n<div id=\"wp-block-themeisle-blocks-button-group-e1088ba2\" class=\"wp-block-themeisle-blocks-button-group wp-block-buttons\">\n<div id=\"wp-block-themeisle-blocks-button-9d959f43\" class=\"wp-block-themeisle-blocks-button wp-block-button is-style-outline\"><a href=\"https:\/\/www.castagnolib2b.it\/portal\/\" target=\"_self\" rel=\"noopener noreferrer\" class=\"wp-block-button__link\"><span>VAI ALLO SHOP B2B<\/span><\/a><\/div>\n<\/div>\n<\/div><\/div>\n<\/div><\/div>\n","protected":false},"excerpt":{"rendered":"","protected":false},"author":1,"featured_media":0,"parent":0,"menu_order":0,"comment_status":"closed","ping_status":"closed","template":"","meta":{"_gspb_post_css":"#gspb_image-id-gsbp-e8c15c7 img{object-position:50% 53%;vertical-align:top;display:inline-block;box-sizing:border-box;max-width:100%;height:auto}","inline_featured_image":false,"neve_meta_sidebar":"","neve_meta_container":"contained","neve_meta_enable_content_width":"on","neve_meta_content_width":100,"neve_meta_title_alignment":"left","neve_meta_author_avatar":"","neve_post_elements_order":"","neve_meta_disable_header":"","neve_meta_disable_footer":"","neve_meta_disable_title":"on","_themeisle_gutenberg_block_has_review":false,"_ti_tpc_template_sync":false,"_ti_tpc_template_id":"g0tydvujt3nttrza4a43","footnotes":""},"class_list":["post-1519","page","type-page","status-publish","hentry"],"yoast_head":"<!-- This site is optimized with the Yoast SEO plugin v23.4 - https:\/\/yoast.com\/wordpress\/plugins\/seo\/ -->\n<title>Kanban - Castagnoli Viterie<\/title>\n<meta name=\"robots\" content=\"index, follow, max-snippet:-1, max-image-preview:large, max-video-preview:-1\" \/>\n<link rel=\"canonical\" href=\"https:\/\/castagnoliviterie.it\/it\/kanban\/\" \/>\n<meta property=\"og:locale\" content=\"it_IT\" \/>\n<meta property=\"og:type\" content=\"article\" \/>\n<meta property=\"og:title\" content=\"Kanban - Castagnoli Viterie\" \/>\n<meta property=\"og:url\" content=\"https:\/\/castagnoliviterie.it\/it\/kanban\/\" \/>\n<meta property=\"og:site_name\" content=\"Castagnoli Viterie\" \/>\n<meta property=\"article:modified_time\" content=\"2024-09-12T15:19:13+00:00\" \/>\n<meta property=\"og:image\" content=\"https:\/\/castagnoliviterie.it\/wp-content\/uploads\/2024\/09\/15-1024x1024.png\" \/>\n<meta name=\"twitter:card\" content=\"summary_large_image\" \/>\n<meta name=\"twitter:label1\" content=\"Tempo di lettura stimato\" \/>\n\t<meta name=\"twitter:data1\" content=\"4 minuti\" \/>\n<script type=\"application\/ld+json\" class=\"yoast-schema-graph\">{\"@context\":\"https:\/\/schema.org\",\"@graph\":[{\"@type\":\"WebPage\",\"@id\":\"https:\/\/castagnoliviterie.it\/it\/kanban\/\",\"url\":\"https:\/\/castagnoliviterie.it\/it\/kanban\/\",\"name\":\"Kanban - Castagnoli Viterie\",\"isPartOf\":{\"@id\":\"https:\/\/castagnoliviterie.it\/it\/#website\"},\"primaryImageOfPage\":{\"@id\":\"https:\/\/castagnoliviterie.it\/it\/kanban\/#primaryimage\"},\"image\":{\"@id\":\"https:\/\/castagnoliviterie.it\/it\/kanban\/#primaryimage\"},\"thumbnailUrl\":\"https:\/\/castagnoliviterie.it\/wp-content\/uploads\/2024\/09\/15-1024x1024.png\",\"datePublished\":\"2024-02-27T17:06:40+00:00\",\"dateModified\":\"2024-09-12T15:19:13+00:00\",\"breadcrumb\":{\"@id\":\"https:\/\/castagnoliviterie.it\/it\/kanban\/#breadcrumb\"},\"inLanguage\":\"it-IT\",\"potentialAction\":[{\"@type\":\"ReadAction\",\"target\":[\"https:\/\/castagnoliviterie.it\/it\/kanban\/\"]}]},{\"@type\":\"ImageObject\",\"inLanguage\":\"it-IT\",\"@id\":\"https:\/\/castagnoliviterie.it\/it\/kanban\/#primaryimage\",\"url\":\"https:\/\/castagnoliviterie.it\/wp-content\/uploads\/2024\/09\/15-1024x1024.png\",\"contentUrl\":\"https:\/\/castagnoliviterie.it\/wp-content\/uploads\/2024\/09\/15-1024x1024.png\"},{\"@type\":\"BreadcrumbList\",\"@id\":\"https:\/\/castagnoliviterie.it\/it\/kanban\/#breadcrumb\",\"itemListElement\":[{\"@type\":\"ListItem\",\"position\":1,\"name\":\"Home\",\"item\":\"https:\/\/castagnoliviterie.it\/it\/\"},{\"@type\":\"ListItem\",\"position\":2,\"name\":\"Kanban\"}]},{\"@type\":\"WebSite\",\"@id\":\"https:\/\/castagnoliviterie.it\/it\/#website\",\"url\":\"https:\/\/castagnoliviterie.it\/it\/\",\"name\":\"Castagnoli Viterie\",\"description\":\"\",\"publisher\":{\"@id\":\"https:\/\/castagnoliviterie.it\/it\/#organization\"},\"potentialAction\":[{\"@type\":\"SearchAction\",\"target\":{\"@type\":\"EntryPoint\",\"urlTemplate\":\"https:\/\/castagnoliviterie.it\/it\/?s={search_term_string}\"},\"query-input\":{\"@type\":\"PropertyValueSpecification\",\"valueRequired\":true,\"valueName\":\"search_term_string\"}}],\"inLanguage\":\"it-IT\"},{\"@type\":\"Organization\",\"@id\":\"https:\/\/castagnoliviterie.it\/it\/#organization\",\"name\":\"Castagnoli Viterie\",\"url\":\"https:\/\/castagnoliviterie.it\/it\/\",\"logo\":{\"@type\":\"ImageObject\",\"inLanguage\":\"it-IT\",\"@id\":\"https:\/\/castagnoliviterie.it\/it\/#\/schema\/logo\/image\/\",\"url\":\"https:\/\/castagnoliviterie.it\/wp-content\/uploads\/2024\/04\/Logo-Castagnoli-SVG-SITO.svg\",\"contentUrl\":\"https:\/\/castagnoliviterie.it\/wp-content\/uploads\/2024\/04\/Logo-Castagnoli-SVG-SITO.svg\",\"width\":\"1024\",\"height\":\"1024\",\"caption\":\"Castagnoli Viterie\"},\"image\":{\"@id\":\"https:\/\/castagnoliviterie.it\/it\/#\/schema\/logo\/image\/\"}}]}<\/script>\n<!-- \/ Yoast SEO plugin. -->","yoast_head_json":{"title":"Kanban - Castagnoli Viterie","robots":{"index":"index","follow":"follow","max-snippet":"max-snippet:-1","max-image-preview":"max-image-preview:large","max-video-preview":"max-video-preview:-1"},"canonical":"https:\/\/castagnoliviterie.it\/it\/kanban\/","og_locale":"it_IT","og_type":"article","og_title":"Kanban - Castagnoli Viterie","og_url":"https:\/\/castagnoliviterie.it\/it\/kanban\/","og_site_name":"Castagnoli Viterie","article_modified_time":"2024-09-12T15:19:13+00:00","og_image":[{"url":"https:\/\/castagnoliviterie.it\/wp-content\/uploads\/2024\/09\/15-1024x1024.png"}],"twitter_card":"summary_large_image","twitter_misc":{"Tempo di lettura stimato":"4 minuti"},"schema":{"@context":"https:\/\/schema.org","@graph":[{"@type":"WebPage","@id":"https:\/\/castagnoliviterie.it\/it\/kanban\/","url":"https:\/\/castagnoliviterie.it\/it\/kanban\/","name":"Kanban - Castagnoli Viterie","isPartOf":{"@id":"https:\/\/castagnoliviterie.it\/it\/#website"},"primaryImageOfPage":{"@id":"https:\/\/castagnoliviterie.it\/it\/kanban\/#primaryimage"},"image":{"@id":"https:\/\/castagnoliviterie.it\/it\/kanban\/#primaryimage"},"thumbnailUrl":"https:\/\/castagnoliviterie.it\/wp-content\/uploads\/2024\/09\/15-1024x1024.png","datePublished":"2024-02-27T17:06:40+00:00","dateModified":"2024-09-12T15:19:13+00:00","breadcrumb":{"@id":"https:\/\/castagnoliviterie.it\/it\/kanban\/#breadcrumb"},"inLanguage":"it-IT","potentialAction":[{"@type":"ReadAction","target":["https:\/\/castagnoliviterie.it\/it\/kanban\/"]}]},{"@type":"ImageObject","inLanguage":"it-IT","@id":"https:\/\/castagnoliviterie.it\/it\/kanban\/#primaryimage","url":"https:\/\/castagnoliviterie.it\/wp-content\/uploads\/2024\/09\/15-1024x1024.png","contentUrl":"https:\/\/castagnoliviterie.it\/wp-content\/uploads\/2024\/09\/15-1024x1024.png"},{"@type":"BreadcrumbList","@id":"https:\/\/castagnoliviterie.it\/it\/kanban\/#breadcrumb","itemListElement":[{"@type":"ListItem","position":1,"name":"Home","item":"https:\/\/castagnoliviterie.it\/it\/"},{"@type":"ListItem","position":2,"name":"Kanban"}]},{"@type":"WebSite","@id":"https:\/\/castagnoliviterie.it\/it\/#website","url":"https:\/\/castagnoliviterie.it\/it\/","name":"Castagnoli Viterie","description":"","publisher":{"@id":"https:\/\/castagnoliviterie.it\/it\/#organization"},"potentialAction":[{"@type":"SearchAction","target":{"@type":"EntryPoint","urlTemplate":"https:\/\/castagnoliviterie.it\/it\/?s={search_term_string}"},"query-input":{"@type":"PropertyValueSpecification","valueRequired":true,"valueName":"search_term_string"}}],"inLanguage":"it-IT"},{"@type":"Organization","@id":"https:\/\/castagnoliviterie.it\/it\/#organization","name":"Castagnoli Viterie","url":"https:\/\/castagnoliviterie.it\/it\/","logo":{"@type":"ImageObject","inLanguage":"it-IT","@id":"https:\/\/castagnoliviterie.it\/it\/#\/schema\/logo\/image\/","url":"https:\/\/castagnoliviterie.it\/wp-content\/uploads\/2024\/04\/Logo-Castagnoli-SVG-SITO.svg","contentUrl":"https:\/\/castagnoliviterie.it\/wp-content\/uploads\/2024\/04\/Logo-Castagnoli-SVG-SITO.svg","width":"1024","height":"1024","caption":"Castagnoli Viterie"},"image":{"@id":"https:\/\/castagnoliviterie.it\/it\/#\/schema\/logo\/image\/"}}]}},"_links":{"self":[{"href":"https:\/\/castagnoliviterie.it\/it\/wp-json\/wp\/v2\/pages\/1519","targetHints":{"allow":["GET"]}}],"collection":[{"href":"https:\/\/castagnoliviterie.it\/it\/wp-json\/wp\/v2\/pages"}],"about":[{"href":"https:\/\/castagnoliviterie.it\/it\/wp-json\/wp\/v2\/types\/page"}],"author":[{"embeddable":true,"href":"https:\/\/castagnoliviterie.it\/it\/wp-json\/wp\/v2\/users\/1"}],"replies":[{"embeddable":true,"href":"https:\/\/castagnoliviterie.it\/it\/wp-json\/wp\/v2\/comments?post=1519"}],"version-history":[{"count":25,"href":"https:\/\/castagnoliviterie.it\/it\/wp-json\/wp\/v2\/pages\/1519\/revisions"}],"predecessor-version":[{"id":1991,"href":"https:\/\/castagnoliviterie.it\/it\/wp-json\/wp\/v2\/pages\/1519\/revisions\/1991"}],"wp:attachment":[{"href":"https:\/\/castagnoliviterie.it\/it\/wp-json\/wp\/v2\/media?parent=1519"}],"curies":[{"name":"wp","href":"https:\/\/api.w.org\/{rel}","templated":true}]}}